{"id":222,"date":"2015-04-21T21:16:19","date_gmt":"2015-04-22T00:16:19","guid":{"rendered":"http:\/\/www.marcionigro.com.br\/buraconigro\/?page_id=222"},"modified":"2018-01-19T10:53:57","modified_gmt":"2018-01-19T13:53:57","slug":"producao","status":"publish","type":"page","link":"https:\/\/www.marcionigro.com.br\/buraconigro\/producao\/","title":{"rendered":"Produ\u00e7\u00e3o"},"content":{"rendered":"<div class='content-column one_half'><div style=\"padding-left:0px;\"><p><img data-attachment-id=\"472\" data-permalink=\"https:\/\/www.marcionigro.com.br\/buraconigro\/producao\/96972fb9dee041e137744910c804b1038cb2cbd0\/\" data-orig-file=\"https:\/\/i0.wp.com\/www.marcionigro.com.br\/buraconigro\/wp-content\/uploads\/2018\/01\/96972fb9dee041e137744910c804b1038cb2cbd0.jpeg?fit=640%2C640&amp;ssl=1\" data-orig-size=\"640,640\" data-comments-opened=\"0\" data-image-meta=\"{&quot;aperture&quot;:&quot;0&quot;,&quot;credit&quot;:&quot;&quot;,&quot;camera&quot;:&quot;&quot;,&quot;caption&quot;:&quot;&quot;,&quot;created_timestamp&quot;:&quot;0&quot;,&quot;copyright&quot;:&quot;&quot;,&quot;focal_length&quot;:&quot;0&quot;,&quot;iso&quot;:&quot;0&quot;,&quot;shutter_speed&quot;:&quot;0&quot;,&quot;title&quot;:&quot;&quot;,&quot;orientation&quot;:&quot;0&quot;}\" data-image-title=\"rock pauleirinha\" data-image-description=\"\" data-image-caption=\"&lt;p&gt;Rock Pauleirinha (2017)&lt;\/p&gt;\n\" data-medium-file=\"https:\/\/i0.wp.com\/www.marcionigro.com.br\/buraconigro\/wp-content\/uploads\/2018\/01\/96972fb9dee041e137744910c804b1038cb2cbd0.jpeg?fit=300%2C300&amp;ssl=1\" data-large-file=\"https:\/\/i0.wp.com\/www.marcionigro.com.br\/buraconigro\/wp-content\/uploads\/2018\/01\/96972fb9dee041e137744910c804b1038cb2cbd0.jpeg?fit=640%2C640&amp;ssl=1\" decoding=\"async\" loading=\"lazy\" class=\"alignnone wp-image-472\" src=\"https:\/\/i0.wp.com\/www.marcionigro.com.br\/buraconigro\/wp-content\/uploads\/2018\/01\/96972fb9dee041e137744910c804b1038cb2cbd0.jpeg?resize=360%2C360\" alt=\"\" width=\"360\" height=\"360\" srcset=\"https:\/\/i0.wp.com\/www.marcionigro.com.br\/buraconigro\/wp-content\/uploads\/2018\/01\/96972fb9dee041e137744910c804b1038cb2cbd0.jpeg?w=640&amp;ssl=1 640w, https:\/\/i0.wp.com\/www.marcionigro.com.br\/buraconigro\/wp-content\/uploads\/2018\/01\/96972fb9dee041e137744910c804b1038cb2cbd0.jpeg?resize=290%2C290&amp;ssl=1 290w, https:\/\/i0.wp.com\/www.marcionigro.com.br\/buraconigro\/wp-content\/uploads\/2018\/01\/96972fb9dee041e137744910c804b1038cb2cbd0.jpeg?resize=300%2C300&amp;ssl=1 300w\" sizes=\"(max-width: 360px) 100vw, 360px\" data-recalc-dims=\"1\" \/><br \/>\n<strong>Rock Pauleirinha<br \/>\n<\/strong><strong>Marcio Nigro Apresenta: Rock Pauleirinha\u00a0(2017)<br \/>\n<\/strong><span style=\"line-height: 1.5em;\">Concep\u00e7\u00e3o, composi\u00e7\u00e3o, produ\u00e7\u00e3o, arranjos\u00a0e mixagem<\/span><\/p>\n<p><span style=\"line-height: 1.5em;\"><\/div><\/div><\/span><\/p>\n<div class='content-column one_half'><div style=\"padding-left:0px;\"><p><span style=\"line-height: 1.5em;\"><img data-attachment-id=\"467\" data-permalink=\"https:\/\/www.marcionigro.com.br\/buraconigro\/mix\/fcc_2016_emb-indd\/\" data-orig-file=\"https:\/\/i0.wp.com\/www.marcionigro.com.br\/buraconigro\/wp-content\/uploads\/2018\/01\/f8eea494-3882-4a50-be37-fce568a06a6c_careqa.jpg?fit=690%2C620&amp;ssl=1\" data-orig-size=\"690,620\" data-comments-opened=\"0\" data-image-meta=\"{&quot;aperture&quot;:&quot;0&quot;,&quot;credit&quot;:&quot;&quot;,&quot;camera&quot;:&quot;&quot;,&quot;caption&quot;:&quot;&quot;,&quot;created_timestamp&quot;:&quot;0&quot;,&quot;copyright&quot;:&quot;&quot;,&quot;focal_length&quot;:&quot;0&quot;,&quot;iso&quot;:&quot;0&quot;,&quot;shutter_speed&quot;:&quot;0&quot;,&quot;title&quot;:&quot;fcc_2016_emb.indd&quot;,&quot;orientation&quot;:&quot;1&quot;}\" data-image-title=\"fcc_2016_emb.indd\" data-image-description=\"\" data-image-caption=\"&lt;p&gt;Caslos Careqa (2016)&lt;\/p&gt;\n\" data-medium-file=\"https:\/\/i0.wp.com\/www.marcionigro.com.br\/buraconigro\/wp-content\/uploads\/2018\/01\/f8eea494-3882-4a50-be37-fce568a06a6c_careqa.jpg?fit=300%2C270&amp;ssl=1\" data-large-file=\"https:\/\/i0.wp.com\/www.marcionigro.com.br\/buraconigro\/wp-content\/uploads\/2018\/01\/f8eea494-3882-4a50-be37-fce568a06a6c_careqa.jpg?fit=690%2C620&amp;ssl=1\" decoding=\"async\" loading=\"lazy\" class=\"alignnone wp-image-467\" src=\"https:\/\/i0.wp.com\/www.marcionigro.com.br\/buraconigro\/wp-content\/uploads\/2018\/01\/f8eea494-3882-4a50-be37-fce568a06a6c_careqa.jpg?resize=403%2C362\" alt=\"\" width=\"403\" height=\"362\" srcset=\"https:\/\/i0.wp.com\/www.marcionigro.com.br\/buraconigro\/wp-content\/uploads\/2018\/01\/f8eea494-3882-4a50-be37-fce568a06a6c_careqa.jpg?w=690&amp;ssl=1 690w, https:\/\/i0.wp.com\/www.marcionigro.com.br\/buraconigro\/wp-content\/uploads\/2018\/01\/f8eea494-3882-4a50-be37-fce568a06a6c_careqa.jpg?resize=300%2C270&amp;ssl=1 300w\" sizes=\"(max-width: 403px) 100vw, 403px\" data-recalc-dims=\"1\" \/><br \/>\n<\/span><strong>Carlos Careqa<br \/>\n<\/strong><strong>Facciamo L&#8217;Amore (2016)<br \/>\n<\/strong><span style=\"line-height: 1.5em;\">Produ\u00e7\u00e3o, arranjos\u00a0(com Mario<br \/>\nManga) e mixagem<\/span><\/p>\n<p><span style=\"line-height: 1.5em;\"><\/div><\/div><\/span><\/p>\n<p>&nbsp;<\/p>\n<div class='content-column one_third'><div style=\"padding-left:0px;\"><p><img data-attachment-id=\"495\" data-permalink=\"https:\/\/www.marcionigro.com.br\/buraconigro\/producao\/2f10ffa1fd3decb8f3be588bb68e3037115a44f3-2\/\" data-orig-file=\"https:\/\/i0.wp.com\/www.marcionigro.com.br\/buraconigro\/wp-content\/uploads\/2018\/01\/2f10ffa1fd3decb8f3be588bb68e3037115a44f3-1.jpeg?fit=640%2C640&amp;ssl=1\" data-orig-size=\"640,640\" data-comments-opened=\"0\" data-image-meta=\"{&quot;aperture&quot;:&quot;0&quot;,&quot;credit&quot;:&quot;&quot;,&quot;camera&quot;:&quot;&quot;,&quot;caption&quot;:&quot;&quot;,&quot;created_timestamp&quot;:&quot;0&quot;,&quot;copyright&quot;:&quot;&quot;,&quot;focal_length&quot;:&quot;0&quot;,&quot;iso&quot;:&quot;0&quot;,&quot;shutter_speed&quot;:&quot;0&quot;,&quot;title&quot;:&quot;&quot;,&quot;orientation&quot;:&quot;0&quot;}\" data-image-title=\"2f10ffa1fd3decb8f3be588bb68e3037115a44f3\" data-image-description=\"\" data-image-caption=\"\" data-medium-file=\"https:\/\/i0.wp.com\/www.marcionigro.com.br\/buraconigro\/wp-content\/uploads\/2018\/01\/2f10ffa1fd3decb8f3be588bb68e3037115a44f3-1.jpeg?fit=300%2C300&amp;ssl=1\" data-large-file=\"https:\/\/i0.wp.com\/www.marcionigro.com.br\/buraconigro\/wp-content\/uploads\/2018\/01\/2f10ffa1fd3decb8f3be588bb68e3037115a44f3-1.jpeg?fit=640%2C640&amp;ssl=1\" decoding=\"async\" loading=\"lazy\" class=\"alignnone wp-image-495\" src=\"https:\/\/i0.wp.com\/www.marcionigro.com.br\/buraconigro\/wp-content\/uploads\/2018\/01\/2f10ffa1fd3decb8f3be588bb68e3037115a44f3-1.jpeg?resize=250%2C250\" alt=\"\" width=\"250\" height=\"250\" srcset=\"https:\/\/i0.wp.com\/www.marcionigro.com.br\/buraconigro\/wp-content\/uploads\/2018\/01\/2f10ffa1fd3decb8f3be588bb68e3037115a44f3-1.jpeg?w=640&amp;ssl=1 640w, https:\/\/i0.wp.com\/www.marcionigro.com.br\/buraconigro\/wp-content\/uploads\/2018\/01\/2f10ffa1fd3decb8f3be588bb68e3037115a44f3-1.jpeg?resize=290%2C290&amp;ssl=1 290w, https:\/\/i0.wp.com\/www.marcionigro.com.br\/buraconigro\/wp-content\/uploads\/2018\/01\/2f10ffa1fd3decb8f3be588bb68e3037115a44f3-1.jpeg?resize=300%2C300&amp;ssl=1 300w\" sizes=\"(max-width: 250px) 100vw, 250px\" data-recalc-dims=\"1\" \/><br \/>\n<span style=\"line-height: 1.5em;\"><strong>Glaucia Nahsser<br \/>\nUm Lugar (2016)<br \/>\n<\/strong>Produ\u00e7\u00e3o e arranjos<br \/>\n<\/span><\/p>\n<p><span style=\"line-height: 1.5em;\"><\/div><\/div><\/span><\/p>\n<div class='content-column one_third'><div style=\"padding-left:0px;\"><p><span style=\"line-height: 1.5em;\"><img decoding=\"async\" loading=\"lazy\" class=\"alignnone\" src=\"https:\/\/i0.wp.com\/www.tratore.com.br\/image_cd\/07106.jpg?resize=251%2C251\" width=\"251\" height=\"251\" data-recalc-dims=\"1\" \/><br \/>\n<strong>Marcos Bowie<br \/>\nBom como Beber \u00c1gua\u00a0(2015)<br \/>\n<\/strong>Co-Produ\u00e7\u00e3o (com Andr\u00e9<br \/>\nAbujamra) \u00a0e mixagem<br \/>\n<\/span><\/p>\n<p><span style=\"line-height: 1.5em;\">\u00a0<\/span><\/p><\/div><\/div>\n<div class='content-column one_third last_column'><div style=\"padding-left:0px;\"><p><span style=\"line-height: 1.5em;\"><strong><img data-attachment-id=\"357\" data-permalink=\"https:\/\/www.marcionigro.com.br\/buraconigro\/mix\/5457_g\/\" data-orig-file=\"https:\/\/i0.wp.com\/www.marcionigro.com.br\/buraconigro\/wp-content\/uploads\/2016\/04\/5457_g.jpg?fit=250%2C250&amp;ssl=1\" data-orig-size=\"250,250\" data-comments-opened=\"0\" data-image-meta=\"{&quot;aperture&quot;:&quot;0&quot;,&quot;credit&quot;:&quot;&quot;,&quot;camera&quot;:&quot;&quot;,&quot;caption&quot;:&quot;&quot;,&quot;created_timestamp&quot;:&quot;0&quot;,&quot;copyright&quot;:&quot;&quot;,&quot;focal_length&quot;:&quot;0&quot;,&quot;iso&quot;:&quot;0&quot;,&quot;shutter_speed&quot;:&quot;0&quot;,&quot;title&quot;:&quot;&quot;,&quot;orientation&quot;:&quot;0&quot;}\" data-image-title=\"5457_g\" data-image-description=\"\" data-image-caption=\"\" data-medium-file=\"https:\/\/i0.wp.com\/www.marcionigro.com.br\/buraconigro\/wp-content\/uploads\/2016\/04\/5457_g.jpg?fit=250%2C250&amp;ssl=1\" data-large-file=\"https:\/\/i0.wp.com\/www.marcionigro.com.br\/buraconigro\/wp-content\/uploads\/2016\/04\/5457_g.jpg?fit=250%2C250&amp;ssl=1\" decoding=\"async\" loading=\"lazy\" class=\"alignnone wp-image-357\" src=\"https:\/\/i0.wp.com\/www.marcionigro.com.br\/buraconigro\/wp-content\/uploads\/2016\/04\/5457_g.jpg?resize=250%2C251\" alt=\"\" width=\"250\" height=\"251\" data-recalc-dims=\"1\" \/><br \/>\nCarlos Careqa<br \/>\nPor um Pouco de Veneno\u00a0(2015)<br \/>\n<\/strong>Produ\u00e7\u00e3o, arranjos\u00a0(com Mario<br \/>\nManga) e mixagem<br \/>\n<\/span><\/p><\/div><\/div><div class='clear_column'><\/div>\n<p>&nbsp;<\/p>\n<div class='content-column one_third'><div style=\"padding-left:0px;\"><p><img decoding=\"async\" loading=\"lazy\" class=\"\" src=\"https:\/\/i0.wp.com\/www.marcionigro.com.br\/buraconigro\/wp-content\/uploads\/2014\/01\/CAPA.png?resize=280%2C250\" alt=\"palavrao2\" width=\"280\" height=\"250\" data-recalc-dims=\"1\" \/><br \/>\n<span style=\"line-height: 1.5em;\"><strong>Carlos Careqa<br \/>\nPalavr\u00e3o (2014)<br \/>\n<\/strong><\/span><span style=\"line-height: 1.5em;\">Produ\u00e7\u00e3o, arranjos\u00a0<\/span><span style=\"line-height: 1.5em;\">(com Mario<br \/>\nManga) e\u00a0mixagem<\/span><\/p><\/div><\/div>\n<div class='content-column one_third'><div style=\"padding-left:0px;\"><p><img decoding=\"async\" loading=\"lazy\" class=\"\" src=\"https:\/\/i0.wp.com\/www.marcionigro.com.br\/buraconigro\/wp-content\/uploads\/2014\/01\/made-in-china.png?resize=276%2C250\" alt=\"made in china\" width=\"276\" height=\"250\" data-recalc-dims=\"1\" \/><br \/>\n<strong>Carlos Careqa<br \/>\n<\/strong><strong>Made in China (2013)<br \/>\n<\/strong>Produ\u00e7\u00e3o, arranjos,\u00a0instrumentos e mix<\/p><\/div><\/div>\n<div class='content-column one_third last_column'><div style=\"padding-left:0px;\"><p><a href=\"https:\/\/i0.wp.com\/www.marcionigro.com.br\/buraconigro\/wp-content\/uploads\/2014\/01\/vambora.png\"><img decoding=\"async\" loading=\"lazy\" class=\"\" src=\"https:\/\/i0.wp.com\/www.marcionigro.com.br\/buraconigro\/wp-content\/uploads\/2014\/01\/vambora.png?resize=250%2C250\" alt=\"vambora\" width=\"250\" height=\"250\" data-recalc-dims=\"1\" \/><br \/>\n<\/a><strong>Glaucia Nahsser<br \/>\nVambora (2010)<br \/>\n<\/strong>Produ\u00e7\u00e3o e arranjos<\/p><\/div><\/div><div class='clear_column'><\/div>\n<p>&nbsp;<\/p>\n<p>&nbsp;<\/p>\n<p><img data-attachment-id=\"373\" data-permalink=\"https:\/\/www.marcionigro.com.br\/buraconigro\/cine-tv\/logo-piano\/\" data-orig-file=\"https:\/\/i0.wp.com\/www.marcionigro.com.br\/buraconigro\/wp-content\/uploads\/2014\/01\/Logo-Piano.gif?fit=499%2C300&amp;ssl=1\" data-orig-size=\"499,300\" data-comments-opened=\"0\" data-image-meta=\"{&quot;aperture&quot;:&quot;0&quot;,&quot;credit&quot;:&quot;&quot;,&quot;camera&quot;:&quot;&quot;,&quot;caption&quot;:&quot;&quot;,&quot;created_timestamp&quot;:&quot;0&quot;,&quot;copyright&quot;:&quot;&quot;,&quot;focal_length&quot;:&quot;0&quot;,&quot;iso&quot;:&quot;0&quot;,&quot;shutter_speed&quot;:&quot;0&quot;,&quot;title&quot;:&quot;&quot;,&quot;orientation&quot;:&quot;0&quot;}\" data-image-title=\"Logo-Piano\" data-image-description=\"\" data-image-caption=\"\" data-medium-file=\"https:\/\/i0.wp.com\/www.marcionigro.com.br\/buraconigro\/wp-content\/uploads\/2014\/01\/Logo-Piano.gif?fit=300%2C180&amp;ssl=1\" data-large-file=\"https:\/\/i0.wp.com\/www.marcionigro.com.br\/buraconigro\/wp-content\/uploads\/2014\/01\/Logo-Piano.gif?fit=499%2C300&amp;ssl=1\" decoding=\"async\" loading=\"lazy\" class=\"aligncenter wp-image-373 \" src=\"https:\/\/i0.wp.com\/www.marcionigro.com.br\/buraconigro\/wp-content\/uploads\/2014\/01\/Logo-Piano.gif?resize=299%2C180\" alt=\"Logo-Piano\" width=\"299\" height=\"180\" data-recalc-dims=\"1\" \/><\/p>\n","protected":false},"excerpt":{"rendered":"<p>&nbsp; &nbsp; &nbsp; &nbsp;<\/p>\n","protected":false},"author":1,"featured_media":0,"parent":0,"menu_order":0,"comment_status":"open","ping_status":"open","template":"","meta":{"bgseo_title":"","bgseo_description":"","bgseo_robots_index":"","bgseo_robots_follow":"","jetpack_post_was_ever_published":false},"jetpack_sharing_enabled":true,"jetpack_shortlink":"https:\/\/wp.me\/P4j20Q-3A","jetpack_likes_enabled":true,"_links":{"self":[{"href":"https:\/\/www.marcionigro.com.br\/buraconigro\/wp-json\/wp\/v2\/pages\/222"}],"collection":[{"href":"https:\/\/www.marcionigro.com.br\/buraconigro\/wp-json\/wp\/v2\/pages"}],"about":[{"href":"https:\/\/www.marcionigro.com.br\/buraconigro\/wp-json\/wp\/v2\/types\/page"}],"author":[{"embeddable":true,"href":"https:\/\/www.marcionigro.com.br\/buraconigro\/wp-json\/wp\/v2\/users\/1"}],"replies":[{"embeddable":true,"href":"https:\/\/www.marcionigro.com.br\/buraconigro\/wp-json\/wp\/v2\/comments?post=222"}],"version-history":[{"count":10,"href":"https:\/\/www.marcionigro.com.br\/buraconigro\/wp-json\/wp\/v2\/pages\/222\/revisions"}],"predecessor-version":[{"id":511,"href":"https:\/\/www.marcionigro.com.br\/buraconigro\/wp-json\/wp\/v2\/pages\/222\/revisions\/511"}],"wp:attachment":[{"href":"https:\/\/www.marcionigro.com.br\/buraconigro\/wp-json\/wp\/v2\/media?parent=222"}],"curies":[{"name":"wp","href":"https:\/\/api.w.org\/{rel}","templated":true}]}}